{"id":85,"date":"2024-09-08T20:07:48","date_gmt":"2024-09-08T20:07:48","guid":{"rendered":"https:\/\/drmonikazbikowska.pl\/?page_id=85"},"modified":"2025-03-12T00:11:59","modified_gmt":"2025-03-12T00:11:59","slug":"o-mnie-2","status":"publish","type":"page","link":"https:\/\/drmonikazbikowska.pl\/","title":{"rendered":"O mnie"},"content":{"rendered":"\t\t<div data-elementor-type=\"wp-page\" data-elementor-id=\"85\" class=\"elementor elementor-85\">\n\t\t\t\t<div class=\"elementor-element elementor-element-d813305 e-flex e-con-boxed wpr-particle-no wpr-jarallax-no wpr-parallax-no wpr-sticky-section-no e-con e-parent\" data-id=\"d813305\" data-element_type=\"container\">\n\t\t\t\t\t<div class=\"e-con-inner\">\n\t\t\t\t<div class=\"elementor-element elementor-element-492b1e7 elementor-widget elementor-widget-spacer\" data-id=\"492b1e7\" data-element_type=\"widget\" data-widget_type=\"spacer.default\">\n\t\t\t\t<div class=\"elementor-widget-container\">\n\t\t\t<style>\/*! elementor - v3.23.0 - 05-08-2024 *\/\n.elementor-column .elementor-spacer-inner{height:var(--spacer-size)}.e-con{--container-widget-width:100%}.e-con-inner>.elementor-widget-spacer,.e-con>.elementor-widget-spacer{width:var(--container-widget-width,var(--spacer-size));--align-self:var(--container-widget-align-self,initial);--flex-shrink:0}.e-con-inner>.elementor-widget-spacer>.elementor-widget-container,.e-con>.elementor-widget-spacer>.elementor-widget-container{height:100%;width:100%}.e-con-inner>.elementor-widget-spacer>.elementor-widget-container>.elementor-spacer,.e-con>.elementor-widget-spacer>.elementor-widget-container>.elementor-spacer{height:100%}.e-con-inner>.elementor-widget-spacer>.elementor-widget-container>.elementor-spacer>.elementor-spacer-inner,.e-con>.elementor-widget-spacer>.elementor-widget-container>.elementor-spacer>.elementor-spacer-inner{height:var(--container-widget-height,var(--spacer-size))}.e-con-inner>.elementor-widget-spacer.elementor-widget-empty,.e-con>.elementor-widget-spacer.elementor-widget-empty{position:relative;min-height:22px;min-width:22px}.e-con-inner>.elementor-widget-spacer.elementor-widget-empty .elementor-widget-empty-icon,.e-con>.elementor-widget-spacer.elementor-widget-empty .elementor-widget-empty-icon{position:absolute;top:0;bottom:0;left:0;right:0;margin:auto;padding:0;width:22px;height:22px}<\/style>\t\t<div class=\"elementor-spacer\">\n\t\t\t<div class=\"elementor-spacer-inner\"><\/div>\n\t\t<\/div>\n\t\t\t\t<\/div>\n\t\t\t\t<\/div>\n\t\t\t\t<div class=\"elementor-element elementor-element-2012b49 elementor-widget elementor-widget-heading\" data-id=\"2012b49\" data-element_type=\"widget\" data-widget_type=\"heading.default\">\n\t\t\t\t<div class=\"elementor-widget-container\">\n\t\t\t<style>\/*! elementor - v3.23.0 - 05-08-2024 *\/\n.elementor-heading-title{padding:0;margin:0;line-height:1}.elementor-widget-heading .elementor-heading-title[class*=elementor-size-]>a{color:inherit;font-size:inherit;line-height:inherit}.elementor-widget-heading .elementor-heading-title.elementor-size-small{font-size:15px}.elementor-widget-heading .elementor-heading-title.elementor-size-medium{font-size:19px}.elementor-widget-heading .elementor-heading-title.elementor-size-large{font-size:29px}.elementor-widget-heading .elementor-heading-title.elementor-size-xl{font-size:39px}.elementor-widget-heading .elementor-heading-title.elementor-size-xxl{font-size:59px}<\/style><h3 class=\"elementor-heading-title elementor-size-default\">dr n. med. Monika \u017bbikowska<\/h3>\t\t<\/div>\n\t\t\t\t<\/div>\n\t\t\t\t\t<\/div>\n\t\t\t\t<\/div>\n\t\t<div class=\"elementor-element elementor-element-f7b646b e-grid e-con-boxed wpr-particle-no wpr-jarallax-no wpr-parallax-no wpr-sticky-section-no e-con e-parent\" data-id=\"f7b646b\" data-element_type=\"container\">\n\t\t\t\t\t<div class=\"e-con-inner\">\n\t\t\t\t<div class=\"elementor-element elementor-element-69cc912 elementor-widget elementor-widget-image\" data-id=\"69cc912\" data-element_type=\"widget\" data-widget_type=\"image.default\">\n\t\t\t\t<div class=\"elementor-widget-container\">\n\t\t\t<style>\/*! elementor - v3.23.0 - 05-08-2024 *\/\n.elementor-widget-image{text-align:center}.elementor-widget-image a{display:inline-block}.elementor-widget-image a img[src$=\".svg\"]{width:48px}.elementor-widget-image img{vertical-align:middle;display:inline-block}<\/style>\t\t\t\t\t\t\t\t\t\t<img fetchpriority=\"high\" decoding=\"async\" width=\"681\" height=\"1024\" src=\"https:\/\/drmonikazbikowska.pl\/wp-content\/uploads\/2025\/03\/IMG_5529-681x1024.jpg\" class=\"attachment-large size-large wp-image-198\" alt=\"\" srcset=\"https:\/\/drmonikazbikowska.pl\/wp-content\/uploads\/2025\/03\/IMG_5529-681x1024.jpg 681w, https:\/\/drmonikazbikowska.pl\/wp-content\/uploads\/2025\/03\/IMG_5529-200x300.jpg 200w, https:\/\/drmonikazbikowska.pl\/wp-content\/uploads\/2025\/03\/IMG_5529-768x1154.jpg 768w, https:\/\/drmonikazbikowska.pl\/wp-content\/uploads\/2025\/03\/IMG_5529-1022x1536.jpg 1022w, https:\/\/drmonikazbikowska.pl\/wp-content\/uploads\/2025\/03\/IMG_5529-1363x2048.jpg 1363w, https:\/\/drmonikazbikowska.pl\/wp-content\/uploads\/2025\/03\/IMG_5529-scaled.jpg 1704w\" sizes=\"(max-width: 681px) 100vw, 681px\" \/>\t\t\t\t\t\t\t\t\t\t\t\t\t<\/div>\n\t\t\t\t<\/div>\n\t\t\t\t<div class=\"elementor-element elementor-element-45caaf0 elementor-widget elementor-widget-text-editor\" data-id=\"45caaf0\" data-element_type=\"widget\" data-widget_type=\"text-editor.default\">\n\t\t\t\t<div class=\"elementor-widget-container\">\n\t\t\t<style>\/*! elementor - v3.23.0 - 05-08-2024 *\/\n.elementor-widget-text-editor.elementor-drop-cap-view-stacked .elementor-drop-cap{background-color:#69727d;color:#fff}.elementor-widget-text-editor.elementor-drop-cap-view-framed .elementor-drop-cap{color:#69727d;border:3px solid;background-color:transparent}.elementor-widget-text-editor:not(.elementor-drop-cap-view-default) .elementor-drop-cap{margin-top:8px}.elementor-widget-text-editor:not(.elementor-drop-cap-view-default) .elementor-drop-cap-letter{width:1em;height:1em}.elementor-widget-text-editor .elementor-drop-cap{float:left;text-align:center;line-height:1;font-size:50px}.elementor-widget-text-editor .elementor-drop-cap-letter{display:inline-block}<\/style>\t\t\t\t<p>Uko\u0144czy\u0142am Uniwersytet Medyczny w Lublinie w 2012 roku, sta\u017c podyplomowy odby\u0142am w Poradni Stomatologicznej w Hospicjum im. Ma\u0142ego Ksi\u0119cia w Lublinie, gdzie mia\u0142am niepowtarzaln\u0105 mo\u017cliwo\u015b\u0107 pracy z dzie\u0107mi oraz doros\u0142ymi, kt\u00f3rzy wymagaj\u0105 szczeg\u00f3lnej opieki. Od tego momentu bardzo ch\u0119tnie pracuj\u0119 z najm\u0142odszymi pacjentami. W czerwcu 2022 roku obroni\u0142am z wyr\u00f3\u017cnieniem rozpraw\u0119 doktorsk\u0105. R\u00f3wnie\u017c w 2022 roku uko\u0144czy\u0142am program Expertise in Orthodontics and Dentofacial Orthopedics, uzyskuj\u0105c tytu\u0142 T\u00edtulo Propio de Postgrado: Experto Universitario en Ortodoncia y Ortopedia Dentofacial, nadany przez Uniwersytet San Jorge w Hiszpanii. Jestem autork\u0105 publikacji naukowych z dziedziny stomatologii.<\/p><p>Nieustannie rozwijam si\u0119 zawodowo, bior\u0105c udzia\u0142 w szkoleniach z zakresu ortodoncji i stomatologii. Prowadz\u0119 leczenie ortodontyczne dzieci i doros\u0142ych. W swojej pracy zawodowej k\u0142ad\u0119 du\u017cy nacisk na analiz\u0119 czynnik\u00f3w ryzyka rozwoju pr\u00f3chnicy oraz wad zgryzu. Na pacjenta zawsze patrz\u0119 holistycznie. Cz\u0119sto wsp\u00f3\u0142pracuj\u0119 z neurologoped\u0105, fizjoterapeut\u0105, osteopat\u0105 i laryngologiem.<\/p><p>Prywatnie jestem mam\u0105 tr\u00f3jki dzieci. Pasjonuj\u0119 si\u0119 psychologi\u0105 oraz pedagogik\u0105. Lubi\u0119 aktywnie sp\u0119dza\u0107 czas. Jestem za\u0142o\u017cycielk\u0105 portalu B\u0119d\u0105c M\u0142odym Dentyst\u0105, wsp\u00f3\u0142tworz\u0119 pojawiaj\u0105ce si\u0119 na nim tre\u015bci.<\/p>\t\t\t\t\t\t<\/div>\n\t\t\t\t<\/div>\n\t\t\t\t\t<\/div>\n\t\t\t\t<\/div>\n\t\t<div class=\"elementor-element elementor-element-708e004 e-flex e-con-boxed wpr-particle-no wpr-jarallax-no wpr-parallax-no wpr-sticky-section-no e-con e-parent\" data-id=\"708e004\" data-element_type=\"container\">\n\t\t\t\t\t<div class=\"e-con-inner\">\n\t\t\t\t<div class=\"elementor-element elementor-element-d183ba7 elementor-widget elementor-widget-spacer\" data-id=\"d183ba7\" data-element_type=\"widget\" data-widget_type=\"spacer.default\">\n\t\t\t\t<div class=\"elementor-widget-container\">\n\t\t\t\t\t<div class=\"elementor-spacer\">\n\t\t\t<div class=\"elementor-spacer-inner\"><\/div>\n\t\t<\/div>\n\t\t\t\t<\/div>\n\t\t\t\t<\/div>\n\t\t\t\t\t<\/div>\n\t\t\t\t<\/div>\n\t\t\t\t<\/div>\n\t\t","protected":false},"excerpt":{"rendered":"<p>dr n. med. Monika \u017bbikowska Uko\u0144czy\u0142am Uniwersytet Medyczny w Lublinie w 2012 roku, sta\u017c podyplomowy odby\u0142am w Poradni Stomatologicznej w Hospicjum im. Ma\u0142ego Ksi\u0119cia w Lublinie, gdzie mia\u0142am niepowtarzaln\u0105 mo\u017cliwo\u015b\u0107 &hellip; <\/p>\n","protected":false},"author":2,"featured_media":0,"parent":0,"menu_order":0,"comment_status":"closed","ping_status":"closed","template":"elementor_header_footer","meta":{"footnotes":""},"class_list":["post-85","page","type-page","status-publish","hentry"],"_links":{"self":[{"href":"https:\/\/drmonikazbikowska.pl\/index.php\/wp-json\/wp\/v2\/pages\/85","targetHints":{"allow":["GET"]}}],"collection":[{"href":"https:\/\/drmonikazbikowska.pl\/index.php\/wp-json\/wp\/v2\/pages"}],"about":[{"href":"https:\/\/drmonikazbikowska.pl\/index.php\/wp-json\/wp\/v2\/types\/page"}],"author":[{"embeddable":true,"href":"https:\/\/drmonikazbikowska.pl\/index.php\/wp-json\/wp\/v2\/users\/2"}],"replies":[{"embeddable":true,"href":"https:\/\/drmonikazbikowska.pl\/index.php\/wp-json\/wp\/v2\/comments?post=85"}],"version-history":[{"count":22,"href":"https:\/\/drmonikazbikowska.pl\/index.php\/wp-json\/wp\/v2\/pages\/85\/revisions"}],"predecessor-version":[{"id":201,"href":"https:\/\/drmonikazbikowska.pl\/index.php\/wp-json\/wp\/v2\/pages\/85\/revisions\/201"}],"wp:attachment":[{"href":"https:\/\/drmonikazbikowska.pl\/index.php\/wp-json\/wp\/v2\/media?parent=85"}],"curies":[{"name":"wp","href":"https:\/\/api.w.org\/{rel}","templated":true}]}}