{"id":27,"date":"2024-09-08T18:16:39","date_gmt":"2024-09-08T18:16:39","guid":{"rendered":"https:\/\/drmonikazbikowska.pl\/?page_id=27"},"modified":"2024-09-10T08:11:28","modified_gmt":"2024-09-10T08:11:28","slug":"przed-pierwsza-wizyta","status":"publish","type":"page","link":"https:\/\/drmonikazbikowska.pl\/index.php\/przed-pierwsza-wizyta\/","title":{"rendered":"Przed pierwsz\u0105 wizyt\u0105"},"content":{"rendered":"\t\t<div data-elementor-type=\"wp-page\" data-elementor-id=\"27\" class=\"elementor elementor-27\">\n\t\t\t\t<div class=\"elementor-element elementor-element-322a9c1 e-flex e-con-boxed wpr-particle-no wpr-jarallax-no wpr-parallax-no wpr-sticky-section-no e-con e-parent\" data-id=\"322a9c1\" data-element_type=\"container\">\n\t\t\t\t\t<div class=\"e-con-inner\">\n\t\t\t\t<div class=\"elementor-element elementor-element-f66c767 elementor-widget elementor-widget-heading\" data-id=\"f66c767\" data-element_type=\"widget\" data-widget_type=\"heading.default\">\n\t\t\t\t<div class=\"elementor-widget-container\">\n\t\t\t<style>\/*! elementor - v3.23.0 - 05-08-2024 *\/\n.elementor-heading-title{padding:0;margin:0;line-height:1}.elementor-widget-heading .elementor-heading-title[class*=elementor-size-]>a{color:inherit;font-size:inherit;line-height:inherit}.elementor-widget-heading .elementor-heading-title.elementor-size-small{font-size:15px}.elementor-widget-heading .elementor-heading-title.elementor-size-medium{font-size:19px}.elementor-widget-heading .elementor-heading-title.elementor-size-large{font-size:29px}.elementor-widget-heading .elementor-heading-title.elementor-size-xl{font-size:39px}.elementor-widget-heading .elementor-heading-title.elementor-size-xxl{font-size:59px}<\/style><h3 class=\"elementor-heading-title elementor-size-default\">JAK PRZYGOTOWA\u0106 DZIECKO DO PIERWSZEJ WIZYTY U DENTYSTY?<\/h3>\t\t<\/div>\n\t\t\t\t<\/div>\n\t\t\t\t\t<\/div>\n\t\t\t\t<\/div>\n\t\t<div class=\"elementor-element elementor-element-138bcf1 e-flex e-con-boxed wpr-particle-no wpr-jarallax-no wpr-parallax-no wpr-sticky-section-no e-con e-parent\" data-id=\"138bcf1\" data-element_type=\"container\">\n\t\t\t\t\t<div class=\"e-con-inner\">\n\t\t\t\t<div class=\"elementor-element elementor-element-1994927 elementor-widget elementor-widget-text-editor\" data-id=\"1994927\" data-element_type=\"widget\" data-widget_type=\"text-editor.default\">\n\t\t\t\t<div class=\"elementor-widget-container\">\n\t\t\t<style>\/*! elementor - v3.23.0 - 05-08-2024 *\/\n.elementor-widget-text-editor.elementor-drop-cap-view-stacked .elementor-drop-cap{background-color:#69727d;color:#fff}.elementor-widget-text-editor.elementor-drop-cap-view-framed .elementor-drop-cap{color:#69727d;border:3px solid;background-color:transparent}.elementor-widget-text-editor:not(.elementor-drop-cap-view-default) .elementor-drop-cap{margin-top:8px}.elementor-widget-text-editor:not(.elementor-drop-cap-view-default) .elementor-drop-cap-letter{width:1em;height:1em}.elementor-widget-text-editor .elementor-drop-cap{float:left;text-align:center;line-height:1;font-size:50px}.elementor-widget-text-editor .elementor-drop-cap-letter{display:inline-block}<\/style>\t\t\t\t<p>Jak mo\u017cesz pom\u00f3c swojemu dziecku?<br \/>1) Przygotuj swoje dziecko w domu. Opowiadaj o denty\u015bcie, \u0107wicz otwieranie buzi. Wszystko z pozytywnym nastawieniem. Idziemy obejrze\u0107 z\u0119by. Nie u\u017cywaj sformu\u0142owa\u0144: \u201eNie b\u0119dzie bola\u0142o\u201d. Nigdy nie u\u017cywaj przy dziecku s\u0142owa: B\u00d3L. Na pierwszej wizycie naprawd\u0119 odb\u0119dzie si\u0119 tylko badanie. <br \/>2) Przyprowad\u017a dziecko na wizyt\u0119 adaptacyjn\u0105 do sprawdzonego gabinetu. To m\u0105dry ruch. Zaczynamy przyprowadza\u0107 na adaptacj\u0119 dzieci roczne i starsze. Ogl\u0105damy gabinet, rozmawiamy z dentyst\u0105, analizujemy czynniki ryzyka rozwoju pr\u00f3chnicy i wad zgryzu.<br \/>3) Nie okazuj l\u0119ku, nawet je\u015bli sama\/sam boisz si\u0119 dentysty. Nie m\u00f3w w czasie wizyty dziecka o swoich do\u015bwiadczeniach, l\u0119ku czy obawach. To zupe\u0142nie odr\u0119bna historia. Nie u\u017cywaj zwrot\u00f3w typu: \u201eJA to si\u0119 panicznie boj\u0119 dentysty\u201d. Mo\u017ce tak jest, ale w momencie, kiedy wypowiadasz te s\u0142owa, to dziecko zaczyna panikowa\u0107. Pami\u0119taj, \u017ce jeste\u015b dla malucha najwa\u017cniejsz\u0105 osob\u0105 na \u015bwiecie i zawsze masz racj\u0119.<\/p>\t\t\t\t\t\t<\/div>\n\t\t\t\t<\/div>\n\t\t\t\t\t<\/div>\n\t\t\t\t<\/div>\n\t\t\t\t<\/div>\n\t\t","protected":false},"excerpt":{"rendered":"<p>JAK PRZYGOTOWA\u0106 DZIECKO DO PIERWSZEJ WIZYTY U DENTYSTY? Jak mo\u017cesz pom\u00f3c swojemu dziecku?1) Przygotuj swoje dziecko w domu. Opowiadaj o denty\u015bcie, \u0107wicz otwieranie buzi. Wszystko z pozytywnym nastawieniem. Idziemy obejrze\u0107 &hellip; <\/p>\n","protected":false},"author":2,"featured_media":0,"parent":0,"menu_order":0,"comment_status":"closed","ping_status":"closed","template":"elementor_header_footer","meta":{"footnotes":""},"class_list":["post-27","page","type-page","status-publish","hentry"],"_links":{"self":[{"href":"https:\/\/drmonikazbikowska.pl\/index.php\/wp-json\/wp\/v2\/pages\/27","targetHints":{"allow":["GET"]}}],"collection":[{"href":"https:\/\/drmonikazbikowska.pl\/index.php\/wp-json\/wp\/v2\/pages"}],"about":[{"href":"https:\/\/drmonikazbikowska.pl\/index.php\/wp-json\/wp\/v2\/types\/page"}],"author":[{"embeddable":true,"href":"https:\/\/drmonikazbikowska.pl\/index.php\/wp-json\/wp\/v2\/users\/2"}],"replies":[{"embeddable":true,"href":"https:\/\/drmonikazbikowska.pl\/index.php\/wp-json\/wp\/v2\/comments?post=27"}],"version-history":[{"count":7,"href":"https:\/\/drmonikazbikowska.pl\/index.php\/wp-json\/wp\/v2\/pages\/27\/revisions"}],"predecessor-version":[{"id":150,"href":"https:\/\/drmonikazbikowska.pl\/index.php\/wp-json\/wp\/v2\/pages\/27\/revisions\/150"}],"wp:attachment":[{"href":"https:\/\/drmonikazbikowska.pl\/index.php\/wp-json\/wp\/v2\/media?parent=27"}],"curies":[{"name":"wp","href":"https:\/\/api.w.org\/{rel}","templated":true}]}}