{"id":25,"date":"2024-09-08T18:16:26","date_gmt":"2024-09-08T18:16:26","guid":{"rendered":"https:\/\/drmonikazbikowska.pl\/?page_id=25"},"modified":"2024-09-12T08:36:28","modified_gmt":"2024-09-12T08:36:28","slug":"zalecenia-dla-pacjenta-leczonego-aparatem-ruchomym","status":"publish","type":"page","link":"https:\/\/drmonikazbikowska.pl\/index.php\/zalecenia-dla-pacjenta-leczonego-aparatem-ruchomym\/","title":{"rendered":"Zalecenia dla pacjenta leczonego aparatem ruchomym"},"content":{"rendered":"\t\t<div data-elementor-type=\"wp-page\" data-elementor-id=\"25\" class=\"elementor elementor-25\">\n\t\t\t\t<div class=\"elementor-element elementor-element-7530dce e-flex e-con-boxed wpr-particle-no wpr-jarallax-no wpr-parallax-no wpr-sticky-section-no e-con e-parent\" data-id=\"7530dce\" data-element_type=\"container\">\n\t\t\t\t\t<div class=\"e-con-inner\">\n\t\t\t\t<div class=\"elementor-element elementor-element-aa84302 elementor-widget elementor-widget-heading\" data-id=\"aa84302\" data-element_type=\"widget\" data-widget_type=\"heading.default\">\n\t\t\t\t<div class=\"elementor-widget-container\">\n\t\t\t<style>\/*! elementor - v3.23.0 - 05-08-2024 *\/\n.elementor-heading-title{padding:0;margin:0;line-height:1}.elementor-widget-heading .elementor-heading-title[class*=elementor-size-]>a{color:inherit;font-size:inherit;line-height:inherit}.elementor-widget-heading .elementor-heading-title.elementor-size-small{font-size:15px}.elementor-widget-heading .elementor-heading-title.elementor-size-medium{font-size:19px}.elementor-widget-heading .elementor-heading-title.elementor-size-large{font-size:29px}.elementor-widget-heading .elementor-heading-title.elementor-size-xl{font-size:39px}.elementor-widget-heading .elementor-heading-title.elementor-size-xxl{font-size:59px}<\/style><h3 class=\"elementor-heading-title elementor-size-default\">INSTRUKCJA U\u017bYTKOWANIA\nAPART\u00d3W ORTODONTYCZNYCH ZDEJMOWANYCH<\/h3>\t\t<\/div>\n\t\t\t\t<\/div>\n\t\t\t\t\t<\/div>\n\t\t\t\t<\/div>\n\t\t<div class=\"elementor-element elementor-element-d32e8b2 e-flex e-con-boxed wpr-particle-no wpr-jarallax-no wpr-parallax-no wpr-sticky-section-no e-con e-parent\" data-id=\"d32e8b2\" data-element_type=\"container\">\n\t\t\t\t\t<div class=\"e-con-inner\">\n\t\t\t\t<div class=\"elementor-element elementor-element-c2c429b elementor-widget elementor-widget-text-editor\" data-id=\"c2c429b\" data-element_type=\"widget\" data-widget_type=\"text-editor.default\">\n\t\t\t\t<div class=\"elementor-widget-container\">\n\t\t\t<style>\/*! elementor - v3.23.0 - 05-08-2024 *\/\n.elementor-widget-text-editor.elementor-drop-cap-view-stacked .elementor-drop-cap{background-color:#69727d;color:#fff}.elementor-widget-text-editor.elementor-drop-cap-view-framed .elementor-drop-cap{color:#69727d;border:3px solid;background-color:transparent}.elementor-widget-text-editor:not(.elementor-drop-cap-view-default) .elementor-drop-cap{margin-top:8px}.elementor-widget-text-editor:not(.elementor-drop-cap-view-default) .elementor-drop-cap-letter{width:1em;height:1em}.elementor-widget-text-editor .elementor-drop-cap{float:left;text-align:center;line-height:1;font-size:50px}.elementor-widget-text-editor .elementor-drop-cap-letter{display:inline-block}<\/style>\t\t\t\t<p>1. Aparat ortodontyczny powinien by\u0107 noszony od 12 do 14 godzin na dob\u0119, w\u00f3wczas leczenie przynosi optymalne rezultaty;<br \/>2. Aparat ortodontyczny powinien by\u0107 zak\u0142adany na umyte z\u0119by;<br \/>3. Higiena aparatu ortodontycznego \u2013 po wyj\u0119ciu aparatu ortodontycznego z jamy ustnej nale\u017cy go wyp\u0142uka\u0107 pod bie\u017c\u0105c\u0105 wod\u0105, wyczy\u015bci\u0107 szczoteczk\u0105 do z\u0119b\u00f3w przeznaczon\u0105 tylko do mycia aparatu ortodontycznego z dodatkiem p\u0142ynu do mycia naczy\u0144 lub szarego myd\u0142a, a nast\u0119pnie op\u0142uka\u0107 go czyst\u0105 wod\u0105;<br \/>4. Je\u017celi na aparacie pojawi si\u0119 osad, kt\u00f3ry nie daje si\u0119 usun\u0105\u0107 szczoteczk\u0105 do z\u0119b\u00f3w, nale\u017cy namoczy\u0107 go w \u015brodku typu Coregatabs (po wcze\u015bniejszym zapoznaniu si\u0119 z instrukcj\u0105), roztw\u00f3r octu z wod\u0105 (w proporcji 1:5);<br \/>5. Kiedy aparat ortodontyczny nie znajduje si\u0119 w jamie ustnej, nale\u017cy go przechowywa\u0107 w zamkni\u0119tym pojemniku wydanym przez lekarza, chroni\u0105c w ten spos\u00f3b aparat ortodontyczny przed dost\u0119pem dzieci lub zwierz\u0105t;<br \/>6. Aparat ortodontyczny nale\u017cy rozkr\u0119ca\u0107 zgodnie z kierunkiem wskazywanym przez strza\u0142k\u0119 z cz\u0119stotliwo\u015bci\u0105 zalecan\u0105 przez lekarza (standardowo jest to 1&#215;2 tygodnie);<br \/>7. Aparatu ortodontycznego nie nale\u017cy moczy\u0107 we wrz\u0105cej lub gor\u0105cej wodzie;<br \/>8. Lekarz prowadz\u0105cy nie odpowiada za uszkodzenia mechaniczne aparatu ortodontycznego wynikaj\u0105ce z niew\u0142a\u015bciwego u\u017cytkowania lub uraz\u00f3w mechanicznych (upuszczenie aparatu ortodontycznego, nadepni\u0119cie, pogryzienie przez dzieci lub zwierz\u0119ta);<br \/>9. Je\u017celi aparat ortodontyczny nie by\u0142 noszony w jamie ustnej przez d\u0142u\u017cszy czas, nale\u017cy skr\u0119ci\u0107 go w kierunku przeciwnym do kierunku wskazanym przez strza\u0142k\u0119;<br \/>10. Je\u015bli aparat ortodontyczny z jakiego\u015b wzgl\u0119du nie pasuje, b\u0105d\u017a jego zak\u0142adanie powoduje dyskomfort lub b\u00f3l, nale\u017cy zg\u0142osi\u0107 si\u0119 do lekarza prowadz\u0105cego na wizyt\u0119 w celu dopasowania aparatu;<br \/>11. Pacjent powinien zg\u0142asza\u0107 si\u0119 na wizyty kontrolne w terminie wyznaczonym przez lekarza prowadz\u0105cego.<br \/>12. Nie nale\u017cy samodzielnie modyfikowa\u0107 budowy aparatu np. doginania spr\u0119\u017cyn, klamer itd.<\/p>\t\t\t\t\t\t<\/div>\n\t\t\t\t<\/div>\n\t\t\t\t\t<\/div>\n\t\t\t\t<\/div>\n\t\t\t\t<\/div>\n\t\t","protected":false},"excerpt":{"rendered":"<p>INSTRUKCJA U\u017bYTKOWANIA APART\u00d3W ORTODONTYCZNYCH ZDEJMOWANYCH 1. Aparat ortodontyczny powinien by\u0107 noszony od 12 do 14 godzin na dob\u0119, w\u00f3wczas leczenie przynosi optymalne rezultaty;2. Aparat ortodontyczny powinien by\u0107 zak\u0142adany na umyte &hellip; <\/p>\n","protected":false},"author":2,"featured_media":0,"parent":0,"menu_order":0,"comment_status":"closed","ping_status":"closed","template":"elementor_header_footer","meta":{"footnotes":""},"class_list":["post-25","page","type-page","status-publish","hentry"],"_links":{"self":[{"href":"https:\/\/drmonikazbikowska.pl\/index.php\/wp-json\/wp\/v2\/pages\/25","targetHints":{"allow":["GET"]}}],"collection":[{"href":"https:\/\/drmonikazbikowska.pl\/index.php\/wp-json\/wp\/v2\/pages"}],"about":[{"href":"https:\/\/drmonikazbikowska.pl\/index.php\/wp-json\/wp\/v2\/types\/page"}],"author":[{"embeddable":true,"href":"https:\/\/drmonikazbikowska.pl\/index.php\/wp-json\/wp\/v2\/users\/2"}],"replies":[{"embeddable":true,"href":"https:\/\/drmonikazbikowska.pl\/index.php\/wp-json\/wp\/v2\/comments?post=25"}],"version-history":[{"count":7,"href":"https:\/\/drmonikazbikowska.pl\/index.php\/wp-json\/wp\/v2\/pages\/25\/revisions"}],"predecessor-version":[{"id":157,"href":"https:\/\/drmonikazbikowska.pl\/index.php\/wp-json\/wp\/v2\/pages\/25\/revisions\/157"}],"wp:attachment":[{"href":"https:\/\/drmonikazbikowska.pl\/index.php\/wp-json\/wp\/v2\/media?parent=25"}],"curies":[{"name":"wp","href":"https:\/\/api.w.org\/{rel}","templated":true}]}}