{"id":23,"date":"2024-09-08T18:16:07","date_gmt":"2024-09-08T18:16:07","guid":{"rendered":"https:\/\/drmonikazbikowska.pl\/?page_id=23"},"modified":"2024-09-12T08:41:17","modified_gmt":"2024-09-12T08:41:17","slug":"zalecenia-dla-pacjenta-leczonego-aparatem-stalym","status":"publish","type":"page","link":"https:\/\/drmonikazbikowska.pl\/index.php\/zalecenia-dla-pacjenta-leczonego-aparatem-stalym\/","title":{"rendered":"Zalecenia dla pacjenta leczonego aparatem sta\u0142ym"},"content":{"rendered":"\t\t<div data-elementor-type=\"wp-page\" data-elementor-id=\"23\" class=\"elementor elementor-23\">\n\t\t\t\t<div class=\"elementor-element elementor-element-55c4d78 e-flex e-con-boxed wpr-particle-no wpr-jarallax-no wpr-parallax-no wpr-sticky-section-no e-con e-parent\" data-id=\"55c4d78\" data-element_type=\"container\">\n\t\t\t\t\t<div class=\"e-con-inner\">\n\t\t\t\t<div class=\"elementor-element elementor-element-ed250cc elementor-widget elementor-widget-heading\" data-id=\"ed250cc\" data-element_type=\"widget\" data-widget_type=\"heading.default\">\n\t\t\t\t<div class=\"elementor-widget-container\">\n\t\t\t<style>\/*! elementor - v3.23.0 - 05-08-2024 *\/\n.elementor-heading-title{padding:0;margin:0;line-height:1}.elementor-widget-heading .elementor-heading-title[class*=elementor-size-]>a{color:inherit;font-size:inherit;line-height:inherit}.elementor-widget-heading .elementor-heading-title.elementor-size-small{font-size:15px}.elementor-widget-heading .elementor-heading-title.elementor-size-medium{font-size:19px}.elementor-widget-heading .elementor-heading-title.elementor-size-large{font-size:29px}.elementor-widget-heading .elementor-heading-title.elementor-size-xl{font-size:39px}.elementor-widget-heading .elementor-heading-title.elementor-size-xxl{font-size:59px}<\/style><h3 class=\"elementor-heading-title elementor-size-default\">Zalecenia dla pacjenta leczonego aparatami sta\u0142ymi<\/h3>\t\t<\/div>\n\t\t\t\t<\/div>\n\t\t\t\t\t<\/div>\n\t\t\t\t<\/div>\n\t\t<div class=\"elementor-element elementor-element-e729b6d e-flex e-con-boxed wpr-particle-no wpr-jarallax-no wpr-parallax-no wpr-sticky-section-no e-con e-parent\" data-id=\"e729b6d\" data-element_type=\"container\">\n\t\t\t\t\t<div class=\"e-con-inner\">\n\t\t\t\t<div class=\"elementor-element elementor-element-972b59f elementor-widget elementor-widget-text-editor\" data-id=\"972b59f\" data-element_type=\"widget\" data-widget_type=\"text-editor.default\">\n\t\t\t\t<div class=\"elementor-widget-container\">\n\t\t\t<style>\/*! elementor - v3.23.0 - 05-08-2024 *\/\n.elementor-widget-text-editor.elementor-drop-cap-view-stacked .elementor-drop-cap{background-color:#69727d;color:#fff}.elementor-widget-text-editor.elementor-drop-cap-view-framed .elementor-drop-cap{color:#69727d;border:3px solid;background-color:transparent}.elementor-widget-text-editor:not(.elementor-drop-cap-view-default) .elementor-drop-cap{margin-top:8px}.elementor-widget-text-editor:not(.elementor-drop-cap-view-default) .elementor-drop-cap-letter{width:1em;height:1em}.elementor-widget-text-editor .elementor-drop-cap{float:left;text-align:center;line-height:1;font-size:50px}.elementor-widget-text-editor .elementor-drop-cap-letter{display:inline-block}<\/style>\t\t\t\t<p><strong>1. Czas leczenia aparatem sta\u0142ym.<\/strong><br \/>Okre\u015blany jest wst\u0119pnie przez lekarza prowadz\u0105cego i standardowo wynosi oko\u0142o 2-2,5 lat. Mo\u017ce on ulec skr\u00f3ceniu lub wyd\u0142u\u017ceniu. <br \/><strong>2. Budowa aparatu.<\/strong><br \/>Do leczenia aparatem sta\u0142ym niezb\u0119dne jest umieszczenie na sta\u0142e na powierzchni z\u0119b\u00f3w zamk\u00f3w ortodontycznych oraz rurek lub opasek na trzonowcach. Dodatkowo zak\u0142adane s\u0105 \u0142uki ortodontyczne oraz elementy pomocnicze np. metalowe guziczki<br \/><strong>3. Dolegliwo\u015bci.<\/strong><br \/>Zaraz po za\u0142o\u017ceniu aparatu sta\u0142ego oraz po wizytach kontrolnych mo\u017ce pojawi\u0107 si\u0119 tkliwo\u015b\u0107 oraz objawy b\u00f3lowe ze strony z\u0119b\u00f3w. Dolegliwo\u015bci te b\u0119d\u0105 trwa\u0142y przez kilka dni. Aby je zmniejszy\u0107, nale\u017cy w tym czasie ograniczy\u0107 spo\u017cycie twardych pokarm\u00f3w. W razie du\u017cych dolegliwo\u015bci mo\u017cna zastosowa\u0107 doustny \u015brodek przeciwb\u00f3lowy.<br \/><strong>4. Higiena jamy ustnej.<\/strong><br \/>Naklejone elementy aparatu ortodontycznego s\u0105 miejscem zwi\u0119kszonej retencji p\u0142ytki naz\u0119bnej i resztek pokarmowych. Z tego wzgl\u0119du podczas leczenia ortodontycznego nale\u017cy dok\u0142adnie my\u0107 z\u0119by past\u0105 po ka\u017cdym posi\u0142ku, u\u017cywa\u0107 p\u0142ynu do p\u0142ukania jamy ustnej oraz nici dentystycznej. Dodatkowo rekomendowane jest korzystani z irygator\u00f3w oraz szczoteczek jednop\u0119czkowych i mi\u0119dzyz\u0119bowych. Czynno\u015bci te maj\u0105 na celu zapobieganie powstawaniu odwapnie\u0144 i rozwojowi pr\u00f3chnicy. Nale\u017cy stosowa\u0107 \u015brodki dost\u0119pne na rynku, zawieraj\u0105ce fluor (chyba, \u017ce lekarz zaleci inaczej). W przypadku niestosowania si\u0119 do powy\u017cszego zalecenia, dla zachowania zdrowych z\u0119b\u00f3w, lekarz mo\u017ce zadecydowa\u0107 o konieczno\u015bci zdj\u0119cia aparatu. Lekarz nie odpowiada za powstanie ubytk\u00f3w pr\u00f3chnicowych lub innych powik\u0142a\u0144, np. zapalenia dzi\u0105se\u0142, powsta\u0142ych z powodu nieprzestrzegania przez pacjenta w\u0142a\u015bciwej higieny jamy ustnej.<br \/><strong>5. Przestrzeganie harmonogramu wizyt.<\/strong><br \/>Wizyty ortodontyczne odbywaj\u0105 si\u0119 zazwyczaj co 4 tygodni (co 6-12 tygodni w przypadku zamk\u00f3w samoligaturuj\u0105cych). Niezg\u0142aszanie si\u0119 na wizyty powoduje przed\u0142u\u017cenie leczenia i zwi\u0119ksza ryzyko wyst\u0105pienia powik\u0142a\u0144. W przypadku uszkodzenia aparatu konieczne s\u0105 dodatkowe wizyty w celu usuni\u0119cia usterki <br \/>i zabezpieczenia prawid\u0142owego dzia\u0142ania aparatu. <br \/><strong>6. Czynne uczestniczenie w procesie leczenia.<\/strong><br \/>Niekt\u00f3re procedury leczenia aparatem sta\u0142ym wymagaj\u0105 aktywnego uczestnictwa pacjenta w procesie leczenia. Dotyczy to konieczno\u015bci codziennego noszenia wyci\u0105g\u00f3w mi\u0119dzyszcz\u0119kowych, wyci\u0105g\u00f3w zewn\u0105trzustnych i aparat\u00f3w retencyjnych, kiedy zostanie to zalecone. Brak zaanga\u017cowania i systematyczno\u015bci ze strony pacjenta spowoduje zahamowanie post\u0119p\u00f3w leczenia. Konieczne jest te\u017c zg\u0142aszanie na bie\u017c\u0105co swoich spostrze\u017ce\u0144, dyskomfortu i niepokoju dotycz\u0105cego leczenia. Dobra komunikacja pacjent-lekarz zwi\u0119ksza twoje bezpiecze\u0144stwo.<br \/><strong>7. Wzmo\u017cona ostro\u017cno\u015b\u0107.<\/strong><br \/>Aparat jest z za\u0142o\u017cenia tymczasowo naklejony na z\u0119by pacjenta, gdy\u017c istnieje konieczno\u015b\u0107 jego bezpiecznego zdj\u0119cia po zako\u0144czeniu aktywnego leczenia. Z tego powodu jest on nara\u017cony na uszkodzenia w przypadku braku ostro\u017cno\u015bci ze strony pacjenta. Najwa\u017cniejsze jest uwa\u017cne spo\u017cywanie twardych pokarm\u00f3w. N\u00f3\u017c i widelec jest najlepszym przyjacielem pacjenta w trakcie leczenia. Twarde pokarmy nale\u017cy kroi\u0107 na ma\u0142e kawa\u0142ki tak aby nie odgryza\u0107 ich przednimi z\u0119bami. Nie nale\u017cy te\u017c manipulowa\u0107 przy aparacie np.: d\u0142ugopisem, o\u0142\u00f3wkiem lub palcem. Stan po leczeniu jest wypadkow\u0105 zbiorowego wysi\u0142ku ortodonty, personelu gabinetu, ale r\u00f3wnie\u017c pacjent\u00f3w i ich rodzic\u00f3w. Pi\u0119kny u\u015bmiech i zdrowie z\u0119b\u00f3w zale\u017cy r\u00f3wnie\u017c od pacjenta.<br \/><strong>8. Wizyty awaryjne.<\/strong><br \/>W trakcie leczenia ortodontycznego mo\u017ce dochodzi\u0107 do sytuacji awaryjnych np. wysuni\u0119cie si\u0119 \u0142uku, odklejenie zamka. W sytuacji awaryjnej, gdy aparat ulegnie uszkodzeniu, obluzowaniu, deformacji, odklei si\u0119 zamek lub odcementuje si\u0119 pier\u015bcie\u0144, nale\u017cy skontaktowa\u0107 si\u0119 jak najszybciej, aby ustali\u0107 \u201eawaryjny\u201d termin wizyty. <br \/><strong>9. Dieta.<\/strong><br \/>Przez ca\u0142y czas aktywnego leczenia nale\u017cy unika\u0107 bardzo twardych pokarm\u00f3w (np. suchar\u00f3w, orzech\u00f3w, cukierk\u00f3w, popcornu, itp.) , oraz lepkich pokarm\u00f3w (np. ci\u0105gn\u0105cych cukierk\u00f3w, \u017celk\u00f3w) ze wzgl\u0119du na mo\u017cliwo\u015b\u0107 uszkodzenia aparatu. Nale\u017cy tak\u017ce powstrzymywa\u0107 si\u0119 od \u017cucia gumy.<br \/><strong>10. Raz na p\u00f3\u0142 roku pacjent zobowi\u0105zany jest podda\u0107 si\u0119 badaniu stomatologicznemu<\/strong>, kt\u00f3re ma na celu sprawdzenie czy nie pojawi\u0142y si\u0119 ubytki pr\u00f3chnicowe (wymagaj\u0105ce leczenia zachowawczego) lub czy nie jest konieczna profesjonalna higienizacja<br \/><strong>11. Po zako\u0144czeniu leczenia aparatem sta\u0142ym kolejnym etapem jest obowi\u0105zkowy okres retencji.<\/strong><\/p>\t\t\t\t\t\t<\/div>\n\t\t\t\t<\/div>\n\t\t\t\t\t<\/div>\n\t\t\t\t<\/div>\n\t\t<div class=\"elementor-element elementor-element-2389046 e-flex e-con-boxed wpr-particle-no wpr-jarallax-no wpr-parallax-no wpr-sticky-section-no e-con e-parent\" data-id=\"2389046\" data-element_type=\"container\">\n\t\t\t\t\t<div class=\"e-con-inner\">\n\t\t\t\t<div class=\"elementor-element elementor-element-4248569 elementor-widget elementor-widget-heading\" data-id=\"4248569\" data-element_type=\"widget\" data-widget_type=\"heading.default\">\n\t\t\t\t<div class=\"elementor-widget-container\">\n\t\t\t<h4 class=\"elementor-heading-title elementor-size-default\">dr n. med. Monika \u017bbikowska<\/h4>\t\t<\/div>\n\t\t\t\t<\/div>\n\t\t\t\t\t<\/div>\n\t\t\t\t<\/div>\n\t\t\t\t<\/div>\n\t\t","protected":false},"excerpt":{"rendered":"<p>Zalecenia dla pacjenta leczonego aparatami sta\u0142ymi 1. Czas leczenia aparatem sta\u0142ym.Okre\u015blany jest wst\u0119pnie przez lekarza prowadz\u0105cego i standardowo wynosi oko\u0142o 2-2,5 lat. Mo\u017ce on ulec skr\u00f3ceniu lub wyd\u0142u\u017ceniu. 2. Budowa &hellip; <\/p>\n","protected":false},"author":2,"featured_media":0,"parent":0,"menu_order":0,"comment_status":"closed","ping_status":"closed","template":"elementor_header_footer","meta":{"footnotes":""},"class_list":["post-23","page","type-page","status-publish","hentry"],"_links":{"self":[{"href":"https:\/\/drmonikazbikowska.pl\/index.php\/wp-json\/wp\/v2\/pages\/23","targetHints":{"allow":["GET"]}}],"collection":[{"href":"https:\/\/drmonikazbikowska.pl\/index.php\/wp-json\/wp\/v2\/pages"}],"about":[{"href":"https:\/\/drmonikazbikowska.pl\/index.php\/wp-json\/wp\/v2\/types\/page"}],"author":[{"embeddable":true,"href":"https:\/\/drmonikazbikowska.pl\/index.php\/wp-json\/wp\/v2\/users\/2"}],"replies":[{"embeddable":true,"href":"https:\/\/drmonikazbikowska.pl\/index.php\/wp-json\/wp\/v2\/comments?post=23"}],"version-history":[{"count":10,"href":"https:\/\/drmonikazbikowska.pl\/index.php\/wp-json\/wp\/v2\/pages\/23\/revisions"}],"predecessor-version":[{"id":160,"href":"https:\/\/drmonikazbikowska.pl\/index.php\/wp-json\/wp\/v2\/pages\/23\/revisions\/160"}],"wp:attachment":[{"href":"https:\/\/drmonikazbikowska.pl\/index.php\/wp-json\/wp\/v2\/media?parent=23"}],"curies":[{"name":"wp","href":"https:\/\/api.w.org\/{rel}","templated":true}]}}