{"id":19,"date":"2024-09-08T18:15:13","date_gmt":"2024-09-08T18:15:13","guid":{"rendered":"https:\/\/drmonikazbikowska.pl\/?page_id=19"},"modified":"2026-01-25T00:03:01","modified_gmt":"2026-01-25T00:03:01","slug":"gdzie-przyjmuje","status":"publish","type":"page","link":"https:\/\/drmonikazbikowska.pl\/index.php\/gdzie-przyjmuje\/","title":{"rendered":"Gdzie przyjmuj\u0119"},"content":{"rendered":"\t\t<div data-elementor-type=\"wp-page\" data-elementor-id=\"19\" class=\"elementor elementor-19\">\n\t\t\t\t<div class=\"elementor-element elementor-element-47790ed e-flex e-con-boxed wpr-particle-no wpr-jarallax-no wpr-parallax-no wpr-sticky-section-no e-con e-parent\" data-id=\"47790ed\" data-element_type=\"container\">\n\t\t\t\t\t<div class=\"e-con-inner\">\n\t\t\t\t<div class=\"elementor-element elementor-element-99fb282 elementor-alert-info elementor-widget elementor-widget-alert\" data-id=\"99fb282\" data-element_type=\"widget\" data-widget_type=\"alert.default\">\n\t\t\t\t<div class=\"elementor-widget-container\">\n\t\t\t<style>\/*! elementor - v3.23.0 - 05-08-2024 *\/\n.elementor-alert{padding:15px;border-left:5px solid transparent;position:relative;text-align:start}.elementor-alert .elementor-alert-title{display:block;font-weight:700}.elementor-alert .elementor-alert-description{font-size:13px}.elementor-alert button.elementor-alert-dismiss{position:absolute;right:var(--dismiss-icon-horizontal-position,10px);top:var(--dismiss-icon-vertical-position,10px);padding:3px;font-size:var(--dismiss-icon-size,20px);line-height:1;background:transparent;color:var(--dismiss-icon-normal-color,inherit);border:none;cursor:pointer;transition-duration:var(--dismiss-icon-hover-transition-duration,.3s)}.elementor-alert button.elementor-alert-dismiss:hover{color:var(--dismiss-icon-hover-color,inherit)}.elementor-alert button.elementor-alert-dismiss svg{width:var(--dismiss-icon-size,20px);height:var(--dismiss-icon-size,20px);fill:var(--dismiss-icon-normal-color,currentColor);transition-duration:var(--dismiss-icon-hover-transition-duration,.3s)}.elementor-alert button.elementor-alert-dismiss svg:hover{fill:var(--dismiss-icon-hover-color,currentColor)}.elementor-alert-info .elementor-alert{color:#31708f;background-color:#d9edf7;border-color:#bcdff1}.elementor-alert-success .elementor-alert{color:#3c763d;background-color:#dff0d8;border-color:#cae6be}.elementor-alert-warning .elementor-alert{color:#8a6d3b;background-color:#fcf8e3;border-color:#f9f0c3}.elementor-alert-danger .elementor-alert{color:#a94442;background-color:#f2dede;border-color:#e8c4c4}@media (max-width:767px){.elementor-alert{padding:10px}.elementor-alert button.elementor-alert-dismiss{right:7px;top:7px}}<\/style>\t\t<div class=\"elementor-alert\" role=\"alert\">\n\n\t\t\t\t\t\t<span class=\"elementor-alert-title\">Drodzy Przyszli Pacjenci,<\/span>\n\t\t\t\n\t\t\t\t\t\t<span class=\"elementor-alert-description\">\nponiewa\u017c chcemy zapewni\u0107 opiek\u0119 na najwy\u017cszym poziomie naszym obecnym pacjentom, ograniczyli\u015bmy zapisy na wizyty pierwszorazowe. Jest to spowodowane ograniczeniami zwi\u0105zanymi z czasem pracy. W wyj\u0105tkowych lub pilnych przypadkach prosimy o kontakt pod numerem telefonu:  +48 533 013 139\n<\/span>\n\t\t\t\n\t\t\t\n\t\t<\/div>\n\t\t\t\t<\/div>\n\t\t\t\t<\/div>\n\t\t\t\t\t<\/div>\n\t\t\t\t<\/div>\n\t\t<div class=\"elementor-element elementor-element-0f43a30 e-flex e-con-boxed wpr-particle-no wpr-jarallax-no wpr-parallax-no wpr-sticky-section-no e-con e-parent\" data-id=\"0f43a30\" data-element_type=\"container\">\n\t\t\t\t\t<div class=\"e-con-inner\">\n\t\t\t\t<div class=\"elementor-element elementor-element-f82840a elementor-widget elementor-widget-spacer\" data-id=\"f82840a\" data-element_type=\"widget\" data-widget_type=\"spacer.default\">\n\t\t\t\t<div class=\"elementor-widget-container\">\n\t\t\t<style>\/*! elementor - v3.23.0 - 05-08-2024 *\/\n.elementor-column .elementor-spacer-inner{height:var(--spacer-size)}.e-con{--container-widget-width:100%}.e-con-inner>.elementor-widget-spacer,.e-con>.elementor-widget-spacer{width:var(--container-widget-width,var(--spacer-size));--align-self:var(--container-widget-align-self,initial);--flex-shrink:0}.e-con-inner>.elementor-widget-spacer>.elementor-widget-container,.e-con>.elementor-widget-spacer>.elementor-widget-container{height:100%;width:100%}.e-con-inner>.elementor-widget-spacer>.elementor-widget-container>.elementor-spacer,.e-con>.elementor-widget-spacer>.elementor-widget-container>.elementor-spacer{height:100%}.e-con-inner>.elementor-widget-spacer>.elementor-widget-container>.elementor-spacer>.elementor-spacer-inner,.e-con>.elementor-widget-spacer>.elementor-widget-container>.elementor-spacer>.elementor-spacer-inner{height:var(--container-widget-height,var(--spacer-size))}.e-con-inner>.elementor-widget-spacer.elementor-widget-empty,.e-con>.elementor-widget-spacer.elementor-widget-empty{position:relative;min-height:22px;min-width:22px}.e-con-inner>.elementor-widget-spacer.elementor-widget-empty .elementor-widget-empty-icon,.e-con>.elementor-widget-spacer.elementor-widget-empty .elementor-widget-empty-icon{position:absolute;top:0;bottom:0;left:0;right:0;margin:auto;padding:0;width:22px;height:22px}<\/style>\t\t<div class=\"elementor-spacer\">\n\t\t\t<div class=\"elementor-spacer-inner\"><\/div>\n\t\t<\/div>\n\t\t\t\t<\/div>\n\t\t\t\t<\/div>\n\t\t\t\t\t<\/div>\n\t\t\t\t<\/div>\n\t\t\t\t<\/div>\n\t\t","protected":false},"excerpt":{"rendered":"<p>Drodzy Przyszli Pacjenci, poniewa\u017c chcemy zapewni\u0107 opiek\u0119 na najwy\u017cszym poziomie naszym obecnym pacjentom, ograniczyli\u015bmy zapisy na wizyty pierwszorazowe. Jest to spowodowane ograniczeniami zwi\u0105zanymi z czasem pracy. W wyj\u0105tkowych lub pilnych &hellip; <\/p>\n","protected":false},"author":2,"featured_media":0,"parent":0,"menu_order":0,"comment_status":"closed","ping_status":"closed","template":"elementor_header_footer","meta":{"footnotes":""},"class_list":["post-19","page","type-page","status-publish","hentry"],"_links":{"self":[{"href":"https:\/\/drmonikazbikowska.pl\/index.php\/wp-json\/wp\/v2\/pages\/19","targetHints":{"allow":["GET"]}}],"collection":[{"href":"https:\/\/drmonikazbikowska.pl\/index.php\/wp-json\/wp\/v2\/pages"}],"about":[{"href":"https:\/\/drmonikazbikowska.pl\/index.php\/wp-json\/wp\/v2\/types\/page"}],"author":[{"embeddable":true,"href":"https:\/\/drmonikazbikowska.pl\/index.php\/wp-json\/wp\/v2\/users\/2"}],"replies":[{"embeddable":true,"href":"https:\/\/drmonikazbikowska.pl\/index.php\/wp-json\/wp\/v2\/comments?post=19"}],"version-history":[{"count":50,"href":"https:\/\/drmonikazbikowska.pl\/index.php\/wp-json\/wp\/v2\/pages\/19\/revisions"}],"predecessor-version":[{"id":212,"href":"https:\/\/drmonikazbikowska.pl\/index.php\/wp-json\/wp\/v2\/pages\/19\/revisions\/212"}],"wp:attachment":[{"href":"https:\/\/drmonikazbikowska.pl\/index.php\/wp-json\/wp\/v2\/media?parent=19"}],"curies":[{"name":"wp","href":"https:\/\/api.w.org\/{rel}","templated":true}]}}